{"id":13,"date":"2024-02-07T18:54:45","date_gmt":"2024-02-07T17:54:45","guid":{"rendered":"http:\/\/jardin-suspendu.fr\/?page_id=13"},"modified":"2024-02-07T18:54:45","modified_gmt":"2024-02-07T17:54:45","slug":"about","status":"publish","type":"page","link":"https:\/\/jardin-suspendu.fr\/?page_id=13","title":{"rendered":"About"},"content":{"rendered":"\n<section class=\"hts-section hts-page hts-about\">\n    <div class=\"hts-about-header\">\n        <div class=\"hts-about-header-content\">\n            <div class=\"hts-about-body\">\n                <div>\n                    <h1>\u00c0 propos de nous<\/h1>\n                    <p>D\u00e9couvrez notre histoire<\/p>\n                <\/div>\n            <\/div>\n            <div class=\"hts-about-image\">\n                <div class=\"hts-image-wrapper\">\n                    <img decoding=\"async\" src=\"https:\/\/jardin-suspendu.fr\/wp-content\/themes\/hostinger-blog\/build\/images\/placeholder2.jpg\">                                    <\/div>\n            <\/div>\n        <\/div>\n    <\/div>\n    <hr class=\"full\">\n    <div class=\"hts-details\">\n                <div class=\"hts-about-story\">\n            <h2 class=\"hts-title\">MY STORY<\/h2>\n            <div class=\"hts-description\">\n                Bienvenue chez jardin-suspendu, votre destination cr\u00e9ative pour les amoureux de la nature et du design. Nous sommes passionn\u00e9s par la cr\u00e9ation de jardins suspendus uniques qui apportent une touche de verdure \u00e0 votre espace de vie. Laissez-nous vous inspirer avec nos id\u00e9es innovantes et nos produits de haute qualit\u00e9. Rejoignez-nous dans notre voyage vers un monde plus vert.            <\/div>\n        <\/div>\n        \n        <div class=\"hts-gallery\">\n            <div class=\"hts-image-wrapper hts-bottom\">\n                <img decoding=\"async\" src=\"https:\/\/images.unsplash.com\/photo-1572085313466-6710de8d7ba3?crop=entropy\" title=\"Photo by Victor Malyushev\" alt=\"empty hallway\"><span class=\"hts-unsplash-data\">Photo by <a href=\"https:\/\/unsplash.com\/@malyushev?utm_source=hostinger&#038;utm_medium=referral\" rel=\"nofollow\">Victor Malyushev<\/a> on <a href=\"https:\/\/unsplash.com\/?utm_source=hostinger&#038;utm_medium=referral\" rel=\"nofollow\">Unsplash<\/a><\/span>            <\/div>\n            <div class=\"hts-image-wrapper hts-bottom\">\n                <img decoding=\"async\" src=\"https:\/\/images.unsplash.com\/photo-1544727219-d2ff78f0f148?crop=entropy\" title=\"Photo by Fiona Smallwood\" alt=\"green-leafed plant\"><span class=\"hts-unsplash-data\">Photo by <a href=\"https:\/\/unsplash.com\/@thepeoplesdigital?utm_source=hostinger&#038;utm_medium=referral\" rel=\"nofollow\">Fiona Smallwood<\/a> on <a href=\"https:\/\/unsplash.com\/?utm_source=hostinger&#038;utm_medium=referral\" rel=\"nofollow\">Unsplash<\/a><\/span>            <\/div>\n        <\/div>\n    <\/div>\n<\/section><section class=\"hts-section hts-newsletter\">\n\t<hr class=\"full\">\n\t<div class=\"wrapper\">\n\t<div>\n\t\t<h3 class=\"hts-title\">Newsletter<\/h3>\n\t\t<p>Subscribe to stay up-to-date with my latest creative projects, insights, and tips.<\/p>\n\t<\/div>\n\t<div class=\"hts-newsletter-block\">\n\t\t<form>\n\t\t\t<input type=\"hidden\" id=\"newsletter_nonce\" name=\"newsletter_nonce\" value=\"278a72c596\" \/><input type=\"hidden\" name=\"_wp_http_referer\" value=\"\/index.php?rest_route=%2Fwp%2Fv2%2Fpages%2F13\" \/>\t\t\t<label for=\"hts-newsletter-email\">Email<\/label>\n\t\t\t<input type=\"email\"\n\t\t\t       id=\"hts-newsletter-email\"\n\t\t\t       name=\"newsletter_email\"\n\t\t\t       placeholder=\"What\u2019s your email?\">\n\t\t\t<div class=\"validate-message\"><\/div>\n\t\t\t<div class=\"hts-privacy-agree\">\n\t\t\t\t<label class=\"hts-form-control\">\n\t\t\t\t<input type=\"checkbox\" id=\"privacy-policy-checkbox\" name=\"privacy_policy\" required>\n\t\t\t\t<\/label>\n\t\t\t\t<span>\n\t\t\t\t\tI consent to use of my email address for the purpose of receiving newsletters as described in <a href=\"\" target=\"_blank\">Privacy Policy<\/a>, which I have read. I may withdraw my consent at any time.\t\t\t\t<\/span>\n\t\t\t<\/div>\n\t\t\t<input type=\"submit\" class=\"btn primary\" value=\"Subscribe\"\/>\n\t\t<\/form>\n\t<\/div>\n\t<\/div>\n<\/section>","protected":false},"excerpt":{"rendered":"","protected":false},"author":1,"featured_media":0,"parent":0,"menu_order":0,"comment_status":"closed","ping_status":"closed","template":"","meta":{"om_disable_all_campaigns":false,"_monsterinsights_skip_tracking":false,"_monsterinsights_sitenote_active":false,"_monsterinsights_sitenote_note":"","_monsterinsights_sitenote_category":0,"footnotes":""},"aioseo_notices":[],"_links":{"self":[{"href":"https:\/\/jardin-suspendu.fr\/index.php?rest_route=\/wp\/v2\/pages\/13"}],"collection":[{"href":"https:\/\/jardin-suspendu.fr\/index.php?rest_route=\/wp\/v2\/pages"}],"about":[{"href":"https:\/\/jardin-suspendu.fr\/index.php?rest_route=\/wp\/v2\/types\/page"}],"author":[{"embeddable":true,"href":"https:\/\/jardin-suspendu.fr\/index.php?rest_route=\/wp\/v2\/users\/1"}],"replies":[{"embeddable":true,"href":"https:\/\/jardin-suspendu.fr\/index.php?rest_route=%2Fwp%2Fv2%2Fcomments&post=13"}],"version-history":[{"count":0,"href":"https:\/\/jardin-suspendu.fr\/index.php?rest_route=\/wp\/v2\/pages\/13\/revisions"}],"wp:attachment":[{"href":"https:\/\/jardin-suspendu.fr\/index.php?rest_route=%2Fwp%2Fv2%2Fmedia&parent=13"}],"curies":[{"name":"wp","href":"https:\/\/api.w.org\/{rel}","templated":true}]}}